{"id":2747,"date":"2021-12-23T22:41:39","date_gmt":"2021-12-23T22:41:39","guid":{"rendered":"https:\/\/alexandrakubas.com\/product\/serum-q10\/"},"modified":"2026-04-14T21:35:46","modified_gmt":"2026-04-14T19:35:46","slug":"serum-q10","status":"publish","type":"product","link":"https:\/\/alexandrakubas.com\/fr\/product\/serum-q10\/","title":{"rendered":"Serum + q10"},"content":{"rendered":"","protected":false},"excerpt":{"rendered":"<div>\n<p><strong><span lang=\"FR\">CLINIQUEMENT TEST\u00c9. <\/span><\/strong><span lang=\"FR\">R\u00e9volutionnez votre routine de soins avec ce s\u00e9rum anti-\u00e2ge hypoallerg\u00e9nique, une fusion parfaite de botanique pure et de technologie avanc\u00e9e en soin de la peau. Con\u00e7u pour cibler les ridules, les taches pigmentaires et r\u00e9pondre aux besoins des peaux sensibles, il soutient le renouvellement naturel de la peau. Son parfum subtil et complexe, aux notes bois\u00e9es, \u00e9pic\u00e9es et r\u00e9sineuses, transforme chaque application en un v\u00e9ritable rituel sensoriel.<br \/>\n\u2022<\/span><span class=\"apple-converted-space\"><span lang=\"FR\">\u00a0<\/span><\/span><strong><span lang=\"FR\">Convient aux<\/span><\/strong><span class=\"apple-converted-space\"><span lang=\"FR\">\u00a0<\/span><\/span><span lang=\"FR\">: Peaux s\u00e8ches, grasses, sujettes \u00e0 l&rsquo;acn\u00e9 et sensibles, y compris celles souffrant de rosac\u00e9e.<br \/>\n\u2022<\/span><span class=\"apple-converted-space\"><span lang=\"FR\">\u00a0<\/span><\/span><strong><span lang=\"FR\">Id\u00e9al pour<\/span><\/strong><span class=\"apple-converted-space\"><span lang=\"FR\">\u00a0<\/span><\/span><span lang=\"FR\">: Les soins post-traitement, apr\u00e8s une exposition au soleil, ou pour traiter rides et taches pigmentaires<\/span><span lang=\"FR\">, <strong>convient aux femmes enceintes et allaitantes<\/strong>.<\/span><span lang=\"FR\"><br \/>\n\u2022<\/span><span class=\"apple-converted-space\"><span lang=\"FR\">\u00a0<\/span><\/span><strong><span lang=\"FR\">Bienfaits<\/span><\/strong><span class=\"apple-converted-space\"><span lang=\"FR\">\u00a0<\/span><\/span><span lang=\"FR\">: Hydratation profonde, r\u00e9g\u00e9n\u00e9ration cellulaire et r\u00e9duction visible des rides.<\/span><\/p>\n<\/div>\n<div>\n<p><span lang=\"FR\">Ce s\u00e9rum \u00e9claircissant, adapt\u00e9 \u00e0 tous les types de peau, offre des r\u00e9sultats cliniquement prouv\u00e9s pour une peau plus lumineuse, plus uniforme et visiblement plus saine.<\/span><\/p>\n<\/div>\n","protected":false},"featured_media":2730,"comment_status":"closed","ping_status":"closed","template":"","meta":{"_acf_changed":false,"footnotes":""},"product_brand":[],"product_cat":[118,119],"product_tag":[],"class_list":{"0":"post-2747","1":"product","2":"type-product","3":"status-publish","4":"has-post-thumbnail","6":"product_cat-non-classe","7":"product_cat-non-classe-fr","9":"first","10":"instock","11":"taxable","12":"shipping-taxable","13":"purchasable","14":"product-type-variable","15":"has-default-attributes"},"acf":[],"yoast_head":"<!-- This site is optimized with the Yoast SEO plugin v27.5 - https:\/\/yoast.com\/product\/yoast-seo-wordpress\/ -->\n<title>S\u00e9rum naturel \u00e0 la coenzyme Q10 | Alexandra Kubas<\/title>\n<meta name=\"description\" content=\"S\u00e9rum antirides luxueux \u00e0 base de coenzyme Q10. Efficacit\u00e9 prouv\u00e9e pour la r\u00e9duction des rides et la r\u00e9g\u00e9n\u00e9ration de la peau. D\u00e9couvrez-le !\" \/>\n<meta name=\"robots\" content=\"index, follow, max-snippet:-1, max-image-preview:large, max-video-preview:-1\" \/>\n<link rel=\"canonical\" href=\"https:\/\/alexandrakubas.com\/fr\/product\/serum-q10\/\" \/>\n<meta property=\"og:locale\" content=\"fr_FR\" \/>\n<meta property=\"og:type\" content=\"article\" \/>\n<meta property=\"og:title\" content=\"S\u00e9rum naturel \u00e0 la coenzyme Q10 | Alexandra Kubas\" \/>\n<meta property=\"og:description\" content=\"S\u00e9rum antirides luxueux \u00e0 base de coenzyme Q10. Efficacit\u00e9 prouv\u00e9e pour la r\u00e9duction des rides et la r\u00e9g\u00e9n\u00e9ration de la peau. D\u00e9couvrez-le !\" \/>\n<meta property=\"og:url\" content=\"https:\/\/alexandrakubas.com\/fr\/product\/serum-q10\/\" \/>\n<meta property=\"og:site_name\" content=\"Alexandra Kubas\" \/>\n<meta property=\"article:modified_time\" content=\"2026-04-14T19:35:46+00:00\" \/>\n<meta property=\"og:image\" content=\"https:\/\/alexandrakubas.com\/wp-content\/uploads\/2021\/12\/1-SERUM-AOB.jpg\" \/>\n\t<meta property=\"og:image:width\" content=\"2048\" \/>\n\t<meta property=\"og:image:height\" content=\"2048\" \/>\n\t<meta property=\"og:image:type\" content=\"image\/jpeg\" \/>\n<meta name=\"twitter:card\" content=\"summary_large_image\" \/>\n<meta name=\"twitter:label1\" content=\"Dur\u00e9e de lecture estim\u00e9e\" \/>\n\t<meta name=\"twitter:data1\" content=\"1 minute\" \/>\n<script type=\"application\/ld+json\" class=\"yoast-schema-graph\">{\"@context\":\"https:\\\/\\\/schema.org\",\"@graph\":[{\"@type\":\"WebPage\",\"@id\":\"https:\\\/\\\/alexandrakubas.com\\\/fr\\\/product\\\/serum-q10\\\/\",\"url\":\"https:\\\/\\\/alexandrakubas.com\\\/fr\\\/product\\\/serum-q10\\\/\",\"name\":\"S\u00e9rum naturel \u00e0 la coenzyme Q10 | Alexandra Kubas\",\"isPartOf\":{\"@id\":\"https:\\\/\\\/alexandrakubas.com\\\/fr\\\/#website\"},\"primaryImageOfPage\":{\"@id\":\"https:\\\/\\\/alexandrakubas.com\\\/fr\\\/product\\\/serum-q10\\\/#primaryimage\"},\"image\":{\"@id\":\"https:\\\/\\\/alexandrakubas.com\\\/fr\\\/product\\\/serum-q10\\\/#primaryimage\"},\"thumbnailUrl\":\"https:\\\/\\\/alexandrakubas.com\\\/wp-content\\\/uploads\\\/2021\\\/12\\\/1-SERUM-AOB.jpg\",\"datePublished\":\"2021-12-23T22:41:39+00:00\",\"dateModified\":\"2026-04-14T19:35:46+00:00\",\"description\":\"S\u00e9rum antirides luxueux \u00e0 base de coenzyme Q10. Efficacit\u00e9 prouv\u00e9e pour la r\u00e9duction des rides et la r\u00e9g\u00e9n\u00e9ration de la peau. D\u00e9couvrez-le !\",\"breadcrumb\":{\"@id\":\"https:\\\/\\\/alexandrakubas.com\\\/fr\\\/product\\\/serum-q10\\\/#breadcrumb\"},\"inLanguage\":\"fr-FR\",\"potentialAction\":[{\"@type\":\"ReadAction\",\"target\":[\"https:\\\/\\\/alexandrakubas.com\\\/fr\\\/product\\\/serum-q10\\\/\"]}]},{\"@type\":\"ImageObject\",\"inLanguage\":\"fr-FR\",\"@id\":\"https:\\\/\\\/alexandrakubas.com\\\/fr\\\/product\\\/serum-q10\\\/#primaryimage\",\"url\":\"https:\\\/\\\/alexandrakubas.com\\\/wp-content\\\/uploads\\\/2021\\\/12\\\/1-SERUM-AOB.jpg\",\"contentUrl\":\"https:\\\/\\\/alexandrakubas.com\\\/wp-content\\\/uploads\\\/2021\\\/12\\\/1-SERUM-AOB.jpg\",\"width\":2048,\"height\":2048,\"caption\":\"s\u00e9rum q10\"},{\"@type\":\"BreadcrumbList\",\"@id\":\"https:\\\/\\\/alexandrakubas.com\\\/fr\\\/product\\\/serum-q10\\\/#breadcrumb\",\"itemListElement\":[{\"@type\":\"ListItem\",\"position\":1,\"name\":\"Strona g\u0142\u00f3wna\",\"item\":\"https:\\\/\\\/alexandrakubas.com\\\/fr\\\/\"},{\"@type\":\"ListItem\",\"position\":2,\"name\":\"Produits\",\"item\":\"https:\\\/\\\/alexandrakubas.com\\\/fr\\\/produits\\\/\"},{\"@type\":\"ListItem\",\"position\":3,\"name\":\"Serum + q10\"}]},{\"@type\":\"WebSite\",\"@id\":\"https:\\\/\\\/alexandrakubas.com\\\/fr\\\/#website\",\"url\":\"https:\\\/\\\/alexandrakubas.com\\\/fr\\\/\",\"name\":\"Alexandra Kubas\",\"description\":\"Alexandra Kubas\",\"potentialAction\":[{\"@type\":\"SearchAction\",\"target\":{\"@type\":\"EntryPoint\",\"urlTemplate\":\"https:\\\/\\\/alexandrakubas.com\\\/fr\\\/?s={search_term_string}\"},\"query-input\":{\"@type\":\"PropertyValueSpecification\",\"valueRequired\":true,\"valueName\":\"search_term_string\"}}],\"inLanguage\":\"fr-FR\"}]}<\/script>\n<!-- \/ Yoast SEO plugin. -->","yoast_head_json":{"title":"S\u00e9rum naturel \u00e0 la coenzyme Q10 | Alexandra Kubas","description":"S\u00e9rum antirides luxueux \u00e0 base de coenzyme Q10. Efficacit\u00e9 prouv\u00e9e pour la r\u00e9duction des rides et la r\u00e9g\u00e9n\u00e9ration de la peau. D\u00e9couvrez-le !","robots":{"index":"index","follow":"follow","max-snippet":"max-snippet:-1","max-image-preview":"max-image-preview:large","max-video-preview":"max-video-preview:-1"},"canonical":"https:\/\/alexandrakubas.com\/fr\/product\/serum-q10\/","og_locale":"fr_FR","og_type":"article","og_title":"S\u00e9rum naturel \u00e0 la coenzyme Q10 | Alexandra Kubas","og_description":"S\u00e9rum antirides luxueux \u00e0 base de coenzyme Q10. Efficacit\u00e9 prouv\u00e9e pour la r\u00e9duction des rides et la r\u00e9g\u00e9n\u00e9ration de la peau. D\u00e9couvrez-le !","og_url":"https:\/\/alexandrakubas.com\/fr\/product\/serum-q10\/","og_site_name":"Alexandra Kubas","article_modified_time":"2026-04-14T19:35:46+00:00","og_image":[{"width":2048,"height":2048,"url":"https:\/\/alexandrakubas.com\/wp-content\/uploads\/2021\/12\/1-SERUM-AOB.jpg","type":"image\/jpeg"}],"twitter_card":"summary_large_image","twitter_misc":{"Dur\u00e9e de lecture estim\u00e9e":"1 minute"},"schema":{"@context":"https:\/\/schema.org","@graph":[{"@type":"WebPage","@id":"https:\/\/alexandrakubas.com\/fr\/product\/serum-q10\/","url":"https:\/\/alexandrakubas.com\/fr\/product\/serum-q10\/","name":"S\u00e9rum naturel \u00e0 la coenzyme Q10 | Alexandra Kubas","isPartOf":{"@id":"https:\/\/alexandrakubas.com\/fr\/#website"},"primaryImageOfPage":{"@id":"https:\/\/alexandrakubas.com\/fr\/product\/serum-q10\/#primaryimage"},"image":{"@id":"https:\/\/alexandrakubas.com\/fr\/product\/serum-q10\/#primaryimage"},"thumbnailUrl":"https:\/\/alexandrakubas.com\/wp-content\/uploads\/2021\/12\/1-SERUM-AOB.jpg","datePublished":"2021-12-23T22:41:39+00:00","dateModified":"2026-04-14T19:35:46+00:00","description":"S\u00e9rum antirides luxueux \u00e0 base de coenzyme Q10. Efficacit\u00e9 prouv\u00e9e pour la r\u00e9duction des rides et la r\u00e9g\u00e9n\u00e9ration de la peau. D\u00e9couvrez-le !","breadcrumb":{"@id":"https:\/\/alexandrakubas.com\/fr\/product\/serum-q10\/#breadcrumb"},"inLanguage":"fr-FR","potentialAction":[{"@type":"ReadAction","target":["https:\/\/alexandrakubas.com\/fr\/product\/serum-q10\/"]}]},{"@type":"ImageObject","inLanguage":"fr-FR","@id":"https:\/\/alexandrakubas.com\/fr\/product\/serum-q10\/#primaryimage","url":"https:\/\/alexandrakubas.com\/wp-content\/uploads\/2021\/12\/1-SERUM-AOB.jpg","contentUrl":"https:\/\/alexandrakubas.com\/wp-content\/uploads\/2021\/12\/1-SERUM-AOB.jpg","width":2048,"height":2048,"caption":"s\u00e9rum q10"},{"@type":"BreadcrumbList","@id":"https:\/\/alexandrakubas.com\/fr\/product\/serum-q10\/#breadcrumb","itemListElement":[{"@type":"ListItem","position":1,"name":"Strona g\u0142\u00f3wna","item":"https:\/\/alexandrakubas.com\/fr\/"},{"@type":"ListItem","position":2,"name":"Produits","item":"https:\/\/alexandrakubas.com\/fr\/produits\/"},{"@type":"ListItem","position":3,"name":"Serum + q10"}]},{"@type":"WebSite","@id":"https:\/\/alexandrakubas.com\/fr\/#website","url":"https:\/\/alexandrakubas.com\/fr\/","name":"Alexandra Kubas","description":"Alexandra Kubas","potentialAction":[{"@type":"SearchAction","target":{"@type":"EntryPoint","urlTemplate":"https:\/\/alexandrakubas.com\/fr\/?s={search_term_string}"},"query-input":{"@type":"PropertyValueSpecification","valueRequired":true,"valueName":"search_term_string"}}],"inLanguage":"fr-FR"}]}},"_links":{"self":[{"href":"https:\/\/alexandrakubas.com\/fr\/wp-json\/wp\/v2\/product\/2747","targetHints":{"allow":["GET"]}}],"collection":[{"href":"https:\/\/alexandrakubas.com\/fr\/wp-json\/wp\/v2\/product"}],"about":[{"href":"https:\/\/alexandrakubas.com\/fr\/wp-json\/wp\/v2\/types\/product"}],"replies":[{"embeddable":true,"href":"https:\/\/alexandrakubas.com\/fr\/wp-json\/wp\/v2\/comments?post=2747"}],"version-history":[{"count":5,"href":"https:\/\/alexandrakubas.com\/fr\/wp-json\/wp\/v2\/product\/2747\/revisions"}],"predecessor-version":[{"id":2856,"href":"https:\/\/alexandrakubas.com\/fr\/wp-json\/wp\/v2\/product\/2747\/revisions\/2856"}],"wp:featuredmedia":[{"embeddable":true,"href":"https:\/\/alexandrakubas.com\/fr\/wp-json\/wp\/v2\/media\/2730"}],"wp:attachment":[{"href":"https:\/\/alexandrakubas.com\/fr\/wp-json\/wp\/v2\/media?parent=2747"}],"wp:term":[{"taxonomy":"product_brand","embeddable":true,"href":"https:\/\/alexandrakubas.com\/fr\/wp-json\/wp\/v2\/product_brand?post=2747"},{"taxonomy":"product_cat","embeddable":true,"href":"https:\/\/alexandrakubas.com\/fr\/wp-json\/wp\/v2\/product_cat?post=2747"},{"taxonomy":"product_tag","embeddable":true,"href":"https:\/\/alexandrakubas.com\/fr\/wp-json\/wp\/v2\/product_tag?post=2747"}],"curies":[{"name":"wp","href":"https:\/\/api.w.org\/{rel}","templated":true}]}}