{"id":2779,"date":"2024-11-13T01:26:35","date_gmt":"2024-11-13T00:26:35","guid":{"rendered":"https:\/\/alexandrakubas.com\/?page_id=2779"},"modified":"2025-06-23T23:07:26","modified_gmt":"2025-06-23T21:07:26","slug":"retours","status":"publish","type":"page","link":"https:\/\/alexandrakubas.com\/fr\/retours\/","title":{"rendered":"RETOURS"},"content":{"rendered":"\n<div class=\"wp-block-stackable-columns stk-block-columns stk-block stk-e3b9f43\" data-block-id=\"e3b9f43\"><style>.stk-e3b9f43-column{max-width:804px !important;min-width:auto !important;}<\/style><div class=\"stk-row stk-inner-blocks stk-block-content stk-content-align stk-e3b9f43-column\">\n<div class=\"wp-block-stackable-column stk-block-column stk-column stk-block stk-c8a28b5\" data-v=\"4\" data-block-id=\"c8a28b5\"><div class=\"stk-column-wrapper stk-block-column__content stk-container stk-c8a28b5-container stk--no-background stk--no-padding\"><div class=\"stk-block-content stk-inner-blocks stk-c8a28b5-inner-blocks\">\n<div class=\"wp-block-stackable-heading stk-block-heading stk-block-heading--v2 stk-block stk-deb9922\" id=\"ret-o\" data-block-id=\"deb9922\"><h2 class=\"stk-block-heading__text\">Retours<\/h2><\/div>\n\n\n\n<p>Pour effectuer un retour, envoyez le formulaire de r\u00e9tractation du contrat \u00e0 l&rsquo;adresse suivante : contact@alexandrakubas.com, que vous pouvez t\u00e9l\u00e9charger ici :\u00a0<a href=\"https:\/\/alexandrakubas.com\/wp-content\/uploads\/2025\/06\/formularz-zwrotu-_-formulaire-de-retour-_-return-form.docx\">Formulaire de retour<\/a><\/p>\n\n\n\n<p>Nous vous contacterons ensuite sous 3 jours ouvr\u00e9s maximum pour vous informer des modalit\u00e9s de retour. Vous pouvez retourner votre commande par coursier ou en personne \u00e0 l&rsquo;adresse suivante&nbsp;: Pologne, Varsovie, ul. Saska 105\/25, 03-914, apr\u00e8s avoir contact\u00e9 le magasin.<\/p>\n\n\n\n<p>Si vous ne parvenez pas \u00e0 imprimer le formulaire de signature, veuillez nous contacter au <a data-type=\"tel\" data-id=\"tel:+48603767631\" href=\"tel:+48603767631\">+48603767631<\/a><\/p>\n<\/div><\/div><\/div>\n<\/div><\/div>\n\n\n\n<p><\/p>\n","protected":false},"excerpt":{"rendered":"<p>Retours Pour effectuer un retour, envoyez le formulaire de r\u00e9tractation du contrat \u00e0 l&rsquo;adresse suivante : contact@alexandrakubas.com, que vous pouvez t\u00e9l\u00e9charger ici :\u00a0Formulaire de retour Nous vous contacterons ensuite sous 3 jours ouvr\u00e9s maximum pour vous informer des modalit\u00e9s de retour. Vous pouvez retourner votre commande par coursier ou en personne \u00e0 l&rsquo;adresse suivante&nbsp;: Pologne, [&hellip;]<\/p>\n","protected":false},"author":4,"featured_media":0,"parent":0,"menu_order":0,"comment_status":"closed","ping_status":"closed","template":"","meta":{"_acf_changed":false,"footnotes":""},"class_list":["post-2779","page","type-page","status-publish","hentry"],"blocksy_meta":{"has_hero_section":"disabled","styles_descriptor":{"styles":{"desktop":"","tablet":"","mobile":""},"google_fonts":[],"version":6}},"acf":[],"yoast_head":"<!-- This site is optimized with the Yoast SEO plugin v27.5 - https:\/\/yoast.com\/product\/yoast-seo-wordpress\/ -->\n<title>RETOURS - Alexandra Kubas<\/title>\n<meta name=\"robots\" content=\"index, follow, max-snippet:-1, max-image-preview:large, max-video-preview:-1\" \/>\n<link rel=\"canonical\" href=\"https:\/\/alexandrakubas.com\/fr\/retours\/\" \/>\n<meta property=\"og:locale\" content=\"fr_FR\" \/>\n<meta property=\"og:type\" content=\"article\" \/>\n<meta property=\"og:title\" content=\"RETOURS - Alexandra Kubas\" \/>\n<meta property=\"og:description\" content=\"Retours Pour effectuer un retour, envoyez le formulaire de r\u00e9tractation du contrat \u00e0 l&rsquo;adresse suivante : contact@alexandrakubas.com, que vous pouvez t\u00e9l\u00e9charger ici :\u00a0Formulaire de retour Nous vous contacterons ensuite sous 3 jours ouvr\u00e9s maximum pour vous informer des modalit\u00e9s de retour. Vous pouvez retourner votre commande par coursier ou en personne \u00e0 l&rsquo;adresse suivante&nbsp;: Pologne, [&hellip;]\" \/>\n<meta property=\"og:url\" content=\"https:\/\/alexandrakubas.com\/fr\/retours\/\" \/>\n<meta property=\"og:site_name\" content=\"Alexandra Kubas\" \/>\n<meta property=\"article:modified_time\" content=\"2025-06-23T21:07:26+00:00\" \/>\n<meta name=\"twitter:card\" content=\"summary_large_image\" \/>\n<meta name=\"twitter:label1\" content=\"Dur\u00e9e de lecture estim\u00e9e\" \/>\n\t<meta name=\"twitter:data1\" content=\"1 minute\" \/>\n<script type=\"application\/ld+json\" class=\"yoast-schema-graph\">{\"@context\":\"https:\\\/\\\/schema.org\",\"@graph\":[{\"@type\":\"WebPage\",\"@id\":\"https:\\\/\\\/alexandrakubas.com\\\/fr\\\/retours\\\/\",\"url\":\"https:\\\/\\\/alexandrakubas.com\\\/fr\\\/retours\\\/\",\"name\":\"RETOURS - Alexandra Kubas\",\"isPartOf\":{\"@id\":\"https:\\\/\\\/alexandrakubas.com\\\/fr\\\/#website\"},\"datePublished\":\"2024-11-13T00:26:35+00:00\",\"dateModified\":\"2025-06-23T21:07:26+00:00\",\"breadcrumb\":{\"@id\":\"https:\\\/\\\/alexandrakubas.com\\\/fr\\\/retours\\\/#breadcrumb\"},\"inLanguage\":\"fr-FR\",\"potentialAction\":[{\"@type\":\"ReadAction\",\"target\":[\"https:\\\/\\\/alexandrakubas.com\\\/fr\\\/retours\\\/\"]}]},{\"@type\":\"BreadcrumbList\",\"@id\":\"https:\\\/\\\/alexandrakubas.com\\\/fr\\\/retours\\\/#breadcrumb\",\"itemListElement\":[{\"@type\":\"ListItem\",\"position\":1,\"name\":\"Strona g\u0142\u00f3wna\",\"item\":\"https:\\\/\\\/alexandrakubas.com\\\/fr\\\/\"},{\"@type\":\"ListItem\",\"position\":2,\"name\":\"RETOURS\"}]},{\"@type\":\"WebSite\",\"@id\":\"https:\\\/\\\/alexandrakubas.com\\\/fr\\\/#website\",\"url\":\"https:\\\/\\\/alexandrakubas.com\\\/fr\\\/\",\"name\":\"Alexandra Kubas\",\"description\":\"Alexandra Kubas\",\"potentialAction\":[{\"@type\":\"SearchAction\",\"target\":{\"@type\":\"EntryPoint\",\"urlTemplate\":\"https:\\\/\\\/alexandrakubas.com\\\/fr\\\/?s={search_term_string}\"},\"query-input\":{\"@type\":\"PropertyValueSpecification\",\"valueRequired\":true,\"valueName\":\"search_term_string\"}}],\"inLanguage\":\"fr-FR\"}]}<\/script>\n<!-- \/ Yoast SEO plugin. -->","yoast_head_json":{"title":"RETOURS - Alexandra Kubas","robots":{"index":"index","follow":"follow","max-snippet":"max-snippet:-1","max-image-preview":"max-image-preview:large","max-video-preview":"max-video-preview:-1"},"canonical":"https:\/\/alexandrakubas.com\/fr\/retours\/","og_locale":"fr_FR","og_type":"article","og_title":"RETOURS - Alexandra Kubas","og_description":"Retours Pour effectuer un retour, envoyez le formulaire de r\u00e9tractation du contrat \u00e0 l&rsquo;adresse suivante : contact@alexandrakubas.com, que vous pouvez t\u00e9l\u00e9charger ici :\u00a0Formulaire de retour Nous vous contacterons ensuite sous 3 jours ouvr\u00e9s maximum pour vous informer des modalit\u00e9s de retour. Vous pouvez retourner votre commande par coursier ou en personne \u00e0 l&rsquo;adresse suivante&nbsp;: Pologne, [&hellip;]","og_url":"https:\/\/alexandrakubas.com\/fr\/retours\/","og_site_name":"Alexandra Kubas","article_modified_time":"2025-06-23T21:07:26+00:00","twitter_card":"summary_large_image","twitter_misc":{"Dur\u00e9e de lecture estim\u00e9e":"1 minute"},"schema":{"@context":"https:\/\/schema.org","@graph":[{"@type":"WebPage","@id":"https:\/\/alexandrakubas.com\/fr\/retours\/","url":"https:\/\/alexandrakubas.com\/fr\/retours\/","name":"RETOURS - Alexandra Kubas","isPartOf":{"@id":"https:\/\/alexandrakubas.com\/fr\/#website"},"datePublished":"2024-11-13T00:26:35+00:00","dateModified":"2025-06-23T21:07:26+00:00","breadcrumb":{"@id":"https:\/\/alexandrakubas.com\/fr\/retours\/#breadcrumb"},"inLanguage":"fr-FR","potentialAction":[{"@type":"ReadAction","target":["https:\/\/alexandrakubas.com\/fr\/retours\/"]}]},{"@type":"BreadcrumbList","@id":"https:\/\/alexandrakubas.com\/fr\/retours\/#breadcrumb","itemListElement":[{"@type":"ListItem","position":1,"name":"Strona g\u0142\u00f3wna","item":"https:\/\/alexandrakubas.com\/fr\/"},{"@type":"ListItem","position":2,"name":"RETOURS"}]},{"@type":"WebSite","@id":"https:\/\/alexandrakubas.com\/fr\/#website","url":"https:\/\/alexandrakubas.com\/fr\/","name":"Alexandra Kubas","description":"Alexandra Kubas","potentialAction":[{"@type":"SearchAction","target":{"@type":"EntryPoint","urlTemplate":"https:\/\/alexandrakubas.com\/fr\/?s={search_term_string}"},"query-input":{"@type":"PropertyValueSpecification","valueRequired":true,"valueName":"search_term_string"}}],"inLanguage":"fr-FR"}]}},"_links":{"self":[{"href":"https:\/\/alexandrakubas.com\/fr\/wp-json\/wp\/v2\/pages\/2779","targetHints":{"allow":["GET"]}}],"collection":[{"href":"https:\/\/alexandrakubas.com\/fr\/wp-json\/wp\/v2\/pages"}],"about":[{"href":"https:\/\/alexandrakubas.com\/fr\/wp-json\/wp\/v2\/types\/page"}],"author":[{"embeddable":true,"href":"https:\/\/alexandrakubas.com\/fr\/wp-json\/wp\/v2\/users\/4"}],"replies":[{"embeddable":true,"href":"https:\/\/alexandrakubas.com\/fr\/wp-json\/wp\/v2\/comments?post=2779"}],"version-history":[{"count":2,"href":"https:\/\/alexandrakubas.com\/fr\/wp-json\/wp\/v2\/pages\/2779\/revisions"}],"predecessor-version":[{"id":2885,"href":"https:\/\/alexandrakubas.com\/fr\/wp-json\/wp\/v2\/pages\/2779\/revisions\/2885"}],"wp:attachment":[{"href":"https:\/\/alexandrakubas.com\/fr\/wp-json\/wp\/v2\/media?parent=2779"}],"curies":[{"name":"wp","href":"https:\/\/api.w.org\/{rel}","templated":true}]}}