{"id":2685,"date":"2024-11-13T01:24:17","date_gmt":"2024-11-13T00:24:17","guid":{"rendered":"https:\/\/alexandrakubas.com\/delais-et-couts-dexpedition\/"},"modified":"2026-03-06T11:23:42","modified_gmt":"2026-03-06T10:23:42","slug":"delais-et-couts-dexpedition","status":"publish","type":"page","link":"https:\/\/alexandrakubas.com\/fr\/delais-et-couts-dexpedition\/","title":{"rendered":"D\u00c9LAIS ET CO\u00dbTS D&rsquo;EXP\u00c9DITION"},"content":{"rendered":"\n<div class=\"wp-block-stackable-columns stk-block-columns stk-block stk-e3b9f43\" data-block-id=\"e3b9f43\"><style>.stk-e3b9f43-column{max-width:804px !important;min-width:auto !important;}<\/style><div class=\"stk-row stk-inner-blocks stk-block-content stk-content-align stk-e3b9f43-column\">\n<div class=\"wp-block-stackable-column stk-block-column stk-column stk-block stk-c8a28b5\" data-v=\"4\" data-block-id=\"c8a28b5\"><div class=\"stk-column-wrapper stk-block-column__content stk-container stk-c8a28b5-container stk--no-background stk--no-padding\"><div class=\"stk-block-content stk-inner-blocks stk-c8a28b5-inner-blocks\">\n<div class=\"wp-block-stackable-heading stk-block-heading stk-block-heading--v2 stk-block stk-deb9922\" id=\"wszystkie-produkty-wysylane-sa-z-warszawy-ul-akacjowa-2-7\" data-block-id=\"deb9922\"><h2 class=\"stk-block-heading__text\">Tous les produits sont exp\u00e9di\u00e9s depuis la Pologne, \u00e0 partir d&rsquo;un entrep\u00f4t situ\u00e9 \u00e0 Varsovie.<\/h2><\/div>\n\n\n\n<div class=\"wp-block-stackable-text stk-block-text stk-block stk-611f536\" data-block-id=\"611f536\"><p class=\"stk-block-text__text\"><\/p><\/div>\n\n\n\n<p>Les colis \u00e0 destination de la Pologne sont envoy\u00e9s avant 13 heures.<\/p>\n\n\n\n<p>Les colis internationaux sont exp\u00e9di\u00e9s le jour ouvrable suivant la commande.<\/p>\n\n\n\n<h2 class=\"wp-block-heading\">CO\u00dbTS ET D\u00c9LAIS D&rsquo;EXP\u00c9DITION<\/h2>\n\n\n\n<h3 class=\"wp-block-heading\">EUROPA<\/h3>\n\n\n\n<ol class=\"wp-block-list\">\n<li>Pologne : 5 EUR. Les commandes sont envoy\u00e9es par le service de messagerie InPost dans les 24 heures. Vous pouvez rediriger vous-m\u00eame le colis vers une bo\u00eete \u00e0 colis si vous \u00eates s\u00fbr que la temp\u00e9rature est appropri\u00e9e (de 4 \u00e0 24 degr\u00e9s Celsius).  <\/li>\n\n\n\n<li>Autriche : 12 EUR. DPD 96 heures. <\/li>\n\n\n\n<li>Belgique : 10,34 EUR. DPD 3-5 jours.<\/li>\n\n\n\n<li>Bulgarie : 15 EUR. DPD 96 heures. <\/li>\n\n\n\n<li>R\u00e9publique tch\u00e8que : 10 EUR DPD 96 heures. <\/li>\n\n\n\n<li>Danemark : 13 EUR. DPD 2-4 jours. <\/li>\n\n\n\n<li>Estonie : 17 EUR. DPD 96 heures. <\/li>\n\n\n\n<li>Finlande : 23 EUR . DPD 96 heures. <\/li>\n\n\n\n<li>France : 10,34 EUR. DPD 4 jours.<\/li>\n\n\n\n<li>Gr\u00e8ce : 100 PLN. DPD 5 jours. <\/li>\n\n\n\n<li>Espagne (\u00e0 l&rsquo;exclusion des \u00eeles Canaries) : 13 EUR DPD 5 jours. <\/li>\n\n\n\n<li>Pays-Bas : 17,40 EUR DPD 96 heures. <\/li>\n\n\n\n<li>Irlande du Nord : 26,20 EUR DPD 2-5 jours. <\/li>\n\n\n\n<li>Lituanie : 14,30 DPD 96 h. <\/li>\n\n\n\n<li>Luxembourg : 14,30 EUR DPD 2-4 jours. <\/li>\n\n\n\n<li>Lettonie : 14,34 EUR DPD 96 heures.<\/li>\n\n\n\n<li>Monaco : 22,60 EUR DPD 5 jours. <\/li>\n\n\n\n<li>Norv\u00e8ge : 52 EUR UPS 3 jours.<\/li>\n\n\n\n<li>Allemagne : 10 EUR. DPD Courier 96 heures. <\/li>\n\n\n\n<li>Portugal : 12,30 EUR. DPD 6 jours. <\/li>\n\n\n\n<li>Slovaquie : 12 EUR. DPD 96 h. <\/li>\n\n\n\n<li>Slov\u00e9nie : 16,20 EUR. DPD 96 heures. <\/li>\n\n\n\n<li>Suisse : 25,71 EUR. DPD 3-5 jours <\/li>\n\n\n\n<li>Su\u00e8de : 24 EUR. DPD 2-5 jours. <\/li>\n\n\n\n<li>Hongrie : 13 EUR. DPD 96 heures. <\/li>\n\n\n\n<li>Italie : 12,30 EUR. DPD 6 jours. <\/li>\n\n\n\n<li>\u00celes Canaries : 50 EUR. DPD 2 jours. <\/li>\n<\/ol>\n\n\n\n<p><strong>Si votre pays n&rsquo;est pas mentionn\u00e9, \u00e9crivez \u00e0 : contact@alexandrakubas.com. Nous calculerons le prix et exp\u00e9dierons le colis individuellement.<br><br>Si vous souhaitez retirer votre colis en personne ou commander votre propre service de messagerie, \u00e9crivez \u00e0 : contact@alexandrakubas.com.<\/strong><\/p>\n<\/div><\/div><\/div>\n<\/div><\/div>\n","protected":false},"excerpt":{"rendered":"<p>Tous les produits sont exp\u00e9di\u00e9s depuis la Pologne, \u00e0 partir d&rsquo;un entrep\u00f4t situ\u00e9 \u00e0 Varsovie. Les colis \u00e0 destination de la Pologne sont envoy\u00e9s avant 13 heures. Les colis internationaux sont exp\u00e9di\u00e9s le jour ouvrable suivant la commande. CO\u00dbTS ET D\u00c9LAIS D&rsquo;EXP\u00c9DITION EUROPA Si votre pays n&rsquo;est pas mentionn\u00e9, \u00e9crivez \u00e0 : contact@alexandrakubas.com. Nous calculerons [&hellip;]<\/p>\n","protected":false},"author":4,"featured_media":0,"parent":0,"menu_order":0,"comment_status":"closed","ping_status":"closed","template":"","meta":{"_acf_changed":false,"footnotes":""},"class_list":["post-2685","page","type-page","status-publish","hentry"],"blocksy_meta":{"has_hero_section":"disabled","styles_descriptor":{"styles":{"desktop":"","tablet":"","mobile":""},"google_fonts":[],"version":6}},"acf":[],"yoast_head":"<!-- This site is optimized with the Yoast SEO plugin v27.5 - https:\/\/yoast.com\/product\/yoast-seo-wordpress\/ -->\n<title>D\u00c9LAIS ET CO\u00dbTS D&#039;EXP\u00c9DITION - Alexandra Kubas<\/title>\n<meta name=\"robots\" content=\"index, follow, max-snippet:-1, max-image-preview:large, max-video-preview:-1\" \/>\n<link rel=\"canonical\" href=\"https:\/\/alexandrakubas.com\/fr\/delais-et-couts-dexpedition\/\" \/>\n<meta property=\"og:locale\" content=\"fr_FR\" \/>\n<meta property=\"og:type\" content=\"article\" \/>\n<meta property=\"og:title\" content=\"D\u00c9LAIS ET CO\u00dbTS D&#039;EXP\u00c9DITION - Alexandra Kubas\" \/>\n<meta property=\"og:description\" content=\"Tous les produits sont exp\u00e9di\u00e9s depuis la Pologne, \u00e0 partir d&rsquo;un entrep\u00f4t situ\u00e9 \u00e0 Varsovie. Les colis \u00e0 destination de la Pologne sont envoy\u00e9s avant 13 heures. Les colis internationaux sont exp\u00e9di\u00e9s le jour ouvrable suivant la commande. CO\u00dbTS ET D\u00c9LAIS D&rsquo;EXP\u00c9DITION EUROPA Si votre pays n&rsquo;est pas mentionn\u00e9, \u00e9crivez \u00e0 : contact@alexandrakubas.com. Nous calculerons [&hellip;]\" \/>\n<meta property=\"og:url\" content=\"https:\/\/alexandrakubas.com\/fr\/delais-et-couts-dexpedition\/\" \/>\n<meta property=\"og:site_name\" content=\"Alexandra Kubas\" \/>\n<meta property=\"article:modified_time\" content=\"2026-03-06T10:23:42+00:00\" \/>\n<meta name=\"twitter:card\" content=\"summary_large_image\" \/>\n<meta name=\"twitter:label1\" content=\"Dur\u00e9e de lecture estim\u00e9e\" \/>\n\t<meta name=\"twitter:data1\" content=\"2 minutes\" \/>\n<script type=\"application\/ld+json\" class=\"yoast-schema-graph\">{\"@context\":\"https:\\\/\\\/schema.org\",\"@graph\":[{\"@type\":\"WebPage\",\"@id\":\"https:\\\/\\\/alexandrakubas.com\\\/fr\\\/delais-et-couts-dexpedition\\\/\",\"url\":\"https:\\\/\\\/alexandrakubas.com\\\/fr\\\/delais-et-couts-dexpedition\\\/\",\"name\":\"D\u00c9LAIS ET CO\u00dbTS D'EXP\u00c9DITION - Alexandra Kubas\",\"isPartOf\":{\"@id\":\"https:\\\/\\\/alexandrakubas.com\\\/fr\\\/#website\"},\"datePublished\":\"2024-11-13T00:24:17+00:00\",\"dateModified\":\"2026-03-06T10:23:42+00:00\",\"breadcrumb\":{\"@id\":\"https:\\\/\\\/alexandrakubas.com\\\/fr\\\/delais-et-couts-dexpedition\\\/#breadcrumb\"},\"inLanguage\":\"fr-FR\",\"potentialAction\":[{\"@type\":\"ReadAction\",\"target\":[\"https:\\\/\\\/alexandrakubas.com\\\/fr\\\/delais-et-couts-dexpedition\\\/\"]}]},{\"@type\":\"BreadcrumbList\",\"@id\":\"https:\\\/\\\/alexandrakubas.com\\\/fr\\\/delais-et-couts-dexpedition\\\/#breadcrumb\",\"itemListElement\":[{\"@type\":\"ListItem\",\"position\":1,\"name\":\"Strona g\u0142\u00f3wna\",\"item\":\"https:\\\/\\\/alexandrakubas.com\\\/fr\\\/\"},{\"@type\":\"ListItem\",\"position\":2,\"name\":\"D\u00c9LAIS ET CO\u00dbTS D&#8217;EXP\u00c9DITION\"}]},{\"@type\":\"WebSite\",\"@id\":\"https:\\\/\\\/alexandrakubas.com\\\/fr\\\/#website\",\"url\":\"https:\\\/\\\/alexandrakubas.com\\\/fr\\\/\",\"name\":\"Alexandra Kubas\",\"description\":\"Alexandra Kubas\",\"potentialAction\":[{\"@type\":\"SearchAction\",\"target\":{\"@type\":\"EntryPoint\",\"urlTemplate\":\"https:\\\/\\\/alexandrakubas.com\\\/fr\\\/?s={search_term_string}\"},\"query-input\":{\"@type\":\"PropertyValueSpecification\",\"valueRequired\":true,\"valueName\":\"search_term_string\"}}],\"inLanguage\":\"fr-FR\"}]}<\/script>\n<!-- \/ Yoast SEO plugin. -->","yoast_head_json":{"title":"D\u00c9LAIS ET CO\u00dbTS D'EXP\u00c9DITION - Alexandra Kubas","robots":{"index":"index","follow":"follow","max-snippet":"max-snippet:-1","max-image-preview":"max-image-preview:large","max-video-preview":"max-video-preview:-1"},"canonical":"https:\/\/alexandrakubas.com\/fr\/delais-et-couts-dexpedition\/","og_locale":"fr_FR","og_type":"article","og_title":"D\u00c9LAIS ET CO\u00dbTS D'EXP\u00c9DITION - Alexandra Kubas","og_description":"Tous les produits sont exp\u00e9di\u00e9s depuis la Pologne, \u00e0 partir d&rsquo;un entrep\u00f4t situ\u00e9 \u00e0 Varsovie. Les colis \u00e0 destination de la Pologne sont envoy\u00e9s avant 13 heures. Les colis internationaux sont exp\u00e9di\u00e9s le jour ouvrable suivant la commande. CO\u00dbTS ET D\u00c9LAIS D&rsquo;EXP\u00c9DITION EUROPA Si votre pays n&rsquo;est pas mentionn\u00e9, \u00e9crivez \u00e0 : contact@alexandrakubas.com. Nous calculerons [&hellip;]","og_url":"https:\/\/alexandrakubas.com\/fr\/delais-et-couts-dexpedition\/","og_site_name":"Alexandra Kubas","article_modified_time":"2026-03-06T10:23:42+00:00","twitter_card":"summary_large_image","twitter_misc":{"Dur\u00e9e de lecture estim\u00e9e":"2 minutes"},"schema":{"@context":"https:\/\/schema.org","@graph":[{"@type":"WebPage","@id":"https:\/\/alexandrakubas.com\/fr\/delais-et-couts-dexpedition\/","url":"https:\/\/alexandrakubas.com\/fr\/delais-et-couts-dexpedition\/","name":"D\u00c9LAIS ET CO\u00dbTS D'EXP\u00c9DITION - Alexandra Kubas","isPartOf":{"@id":"https:\/\/alexandrakubas.com\/fr\/#website"},"datePublished":"2024-11-13T00:24:17+00:00","dateModified":"2026-03-06T10:23:42+00:00","breadcrumb":{"@id":"https:\/\/alexandrakubas.com\/fr\/delais-et-couts-dexpedition\/#breadcrumb"},"inLanguage":"fr-FR","potentialAction":[{"@type":"ReadAction","target":["https:\/\/alexandrakubas.com\/fr\/delais-et-couts-dexpedition\/"]}]},{"@type":"BreadcrumbList","@id":"https:\/\/alexandrakubas.com\/fr\/delais-et-couts-dexpedition\/#breadcrumb","itemListElement":[{"@type":"ListItem","position":1,"name":"Strona g\u0142\u00f3wna","item":"https:\/\/alexandrakubas.com\/fr\/"},{"@type":"ListItem","position":2,"name":"D\u00c9LAIS ET CO\u00dbTS D&#8217;EXP\u00c9DITION"}]},{"@type":"WebSite","@id":"https:\/\/alexandrakubas.com\/fr\/#website","url":"https:\/\/alexandrakubas.com\/fr\/","name":"Alexandra Kubas","description":"Alexandra Kubas","potentialAction":[{"@type":"SearchAction","target":{"@type":"EntryPoint","urlTemplate":"https:\/\/alexandrakubas.com\/fr\/?s={search_term_string}"},"query-input":{"@type":"PropertyValueSpecification","valueRequired":true,"valueName":"search_term_string"}}],"inLanguage":"fr-FR"}]}},"_links":{"self":[{"href":"https:\/\/alexandrakubas.com\/fr\/wp-json\/wp\/v2\/pages\/2685","targetHints":{"allow":["GET"]}}],"collection":[{"href":"https:\/\/alexandrakubas.com\/fr\/wp-json\/wp\/v2\/pages"}],"about":[{"href":"https:\/\/alexandrakubas.com\/fr\/wp-json\/wp\/v2\/types\/page"}],"author":[{"embeddable":true,"href":"https:\/\/alexandrakubas.com\/fr\/wp-json\/wp\/v2\/users\/4"}],"replies":[{"embeddable":true,"href":"https:\/\/alexandrakubas.com\/fr\/wp-json\/wp\/v2\/comments?post=2685"}],"version-history":[{"count":3,"href":"https:\/\/alexandrakubas.com\/fr\/wp-json\/wp\/v2\/pages\/2685\/revisions"}],"predecessor-version":[{"id":5166,"href":"https:\/\/alexandrakubas.com\/fr\/wp-json\/wp\/v2\/pages\/2685\/revisions\/5166"}],"wp:attachment":[{"href":"https:\/\/alexandrakubas.com\/fr\/wp-json\/wp\/v2\/media?parent=2685"}],"curies":[{"name":"wp","href":"https:\/\/api.w.org\/{rel}","templated":true}]}}